{"id":419,"date":"2025-03-21T13:53:32","date_gmt":"2025-03-21T12:53:32","guid":{"rendered":"https:\/\/tracatrueno.com\/traca\/?page_id=419"},"modified":"2026-01-21T15:48:27","modified_gmt":"2026-01-21T14:48:27","slug":"sobre-nosotros","status":"publish","type":"page","link":"https:\/\/tracatrueno.com\/traca\/sobre-nosotros\/","title":{"rendered":"Sobre Nosotros"},"content":{"rendered":"\t\t<div data-elementor-type=\"wp-page\" data-elementor-id=\"419\" class=\"elementor elementor-419\" data-elementor-post-type=\"page\">\n\t\t\t\t<div class=\"elementor-element elementor-element-b188af8 e-flex e-con-boxed e-con e-parent\" data-id=\"b188af8\" data-element_type=\"container\">\n\t\t\t\t\t<div class=\"e-con-inner\">\n\t\t<div class=\"elementor-element elementor-element-0865614 e-con-full e-flex e-con e-child\" data-id=\"0865614\" data-element_type=\"container\">\n\t\t\t\t<div class=\"elementor-element elementor-element-4aa6317 elementor-hidden-widescreen elementor-hidden-desktop elementor-hidden-laptop elementor-hidden-tablet_extra elementor-hidden-tablet elementor-widget elementor-widget-qi_addons_for_elementor_animated_text\" data-id=\"4aa6317\" data-element_type=\"widget\" data-widget_type=\"qi_addons_for_elementor_animated_text.default\">\n\t\t\t\t<div class=\"elementor-widget-container\">\n\t\t\t\t\t<div class=\"qodef-shortcode qodef-m qodef-qi-animated-text\" >\n\t\t<h1 class=\"qodef-m-title\">\n\t\tNOSOTROS\t<\/h1>\n<\/div>\n\t\t\t\t<\/div>\n\t\t\t\t<\/div>\n\t\t\t\t<div class=\"elementor-element elementor-element-13086c6 elementor-widget elementor-widget-image\" data-id=\"13086c6\" data-element_type=\"widget\" data-widget_type=\"image.default\">\n\t\t\t\t<div class=\"elementor-widget-container\">\n\t\t\t\t\t\t\t\t\t\t\t\t\t\t\t<img fetchpriority=\"high\" decoding=\"async\" width=\"640\" height=\"800\" src=\"https:\/\/tracatrueno.com\/traca\/wp-content\/uploads\/2025\/03\/Mask-group.jpg\" class=\"attachment-full size-full wp-image-422\" alt=\"\" srcset=\"https:\/\/tracatrueno.com\/traca\/wp-content\/uploads\/2025\/03\/Mask-group.jpg 640w, https:\/\/tracatrueno.com\/traca\/wp-content\/uploads\/2025\/03\/Mask-group-240x300.jpg 240w\" sizes=\"(max-width: 640px) 100vw, 640px\" \/>\t\t\t\t\t\t\t\t\t\t\t\t\t\t\t<\/div>\n\t\t\t\t<\/div>\n\t\t\t\t<\/div>\n\t\t<div class=\"elementor-element elementor-element-fd8cf28 e-con-full e-flex e-con e-child\" data-id=\"fd8cf28\" data-element_type=\"container\">\n\t\t\t\t<div class=\"elementor-element elementor-element-36aaf8d elementor-hidden-mobile elementor-hidden-mobile_extra elementor-widget elementor-widget-qi_addons_for_elementor_animated_text\" data-id=\"36aaf8d\" data-element_type=\"widget\" data-widget_type=\"qi_addons_for_elementor_animated_text.default\">\n\t\t\t\t<div class=\"elementor-widget-container\">\n\t\t\t\t\t<div class=\"qodef-shortcode qodef-m qodef-qi-animated-text qodef--animated-by-letter\" >\n\t\t<h1 class=\"qodef-m-title\">\n\t\t<span class=\"qodef-e-word-holder\">NOSOTROS<\/span>\t<\/h1>\n<\/div>\n\t\t\t\t<\/div>\n\t\t\t\t<\/div>\n\t\t\t\t<div class=\"elementor-element elementor-element-918ff8d elementor-widget__width-initial elementor-widget elementor-widget-text-editor\" data-id=\"918ff8d\" data-element_type=\"widget\" data-widget_type=\"text-editor.default\">\n\t\t\t\t<div class=\"elementor-widget-container\">\n\t\t\t\t\t\t\t\t\t<p>Nuestros Chefs Ejecutivos, <em>Adri\u00e1n Jimeno<\/em> y <em>Miquel Sard\u00e0<\/em>, se conocieron hace diez a\u00f1os entre los fogones de Mugaritz (San Sebasti\u00e1n). Desde el primer d\u00eda supieron que, tarde o temprano, montar\u00edan algo juntos. La vida los llev\u00f3 por caminos distintos durante tres a\u00f1os, hasta que volvieron a cruzarse en La Flauta (Barcelona). Entre risas, servicios intensos y alguna que otra locura, Miqui decidi\u00f3 aventurarse en Dub\u00e1i hasta finales de 2024.<\/p><p><br \/>Pero aquel sue\u00f1o nunca se apag\u00f3. Hoy, las brasas arden m\u00e1s fuerte que nunca en TRACA &amp; TRUENO, donde su cocina es puro car\u00e1cter: honesta, tradicional y hecha con alma, pero siempre con un punto canalla. Porque si algo tienen claro es que aqu\u00ed se cocina sin miedo.<\/p>\t\t\t\t\t\t\t\t<\/div>\n\t\t\t\t<\/div>\n\t\t\t\t<\/div>\n\t\t\t\t\t<\/div>\n\t\t\t\t<\/div>\n\t\t<div class=\"elementor-element elementor-element-ae009ae elementor-hidden-mobile hide-above-footer e-flex e-con-boxed e-con e-parent\" data-id=\"ae009ae\" data-element_type=\"container\" data-settings=\"{&quot;position&quot;:&quot;fixed&quot;}\">\n\t\t\t\t\t<div class=\"e-con-inner\">\n\t\t<div class=\"elementor-element elementor-element-7529123 e-con-full e-transform btn-reserva elementor-hidden-mobile e-flex e-con e-child\" data-id=\"7529123\" data-element_type=\"container\" data-settings=\"{&quot;background_background&quot;:&quot;classic&quot;,&quot;position&quot;:&quot;fixed&quot;,&quot;sticky&quot;:&quot;top&quot;,&quot;_transform_scale_effect_hover&quot;:{&quot;unit&quot;:&quot;px&quot;,&quot;size&quot;:1.85,&quot;sizes&quot;:[]},&quot;_transform_scale_effect_hover_mobile&quot;:{&quot;unit&quot;:&quot;px&quot;,&quot;size&quot;:1,&quot;sizes&quot;:[]},&quot;sticky_on&quot;:[&quot;widescreen&quot;,&quot;desktop&quot;,&quot;laptop&quot;,&quot;tablet_extra&quot;,&quot;tablet&quot;,&quot;mobile_extra&quot;,&quot;mobile&quot;],&quot;sticky_offset&quot;:0,&quot;sticky_effects_offset&quot;:0,&quot;sticky_anchor_link_offset&quot;:0,&quot;_transform_scale_effect_hover_widescreen&quot;:{&quot;unit&quot;:&quot;px&quot;,&quot;size&quot;:&quot;&quot;,&quot;sizes&quot;:[]},&quot;_transform_scale_effect_hover_laptop&quot;:{&quot;unit&quot;:&quot;px&quot;,&quot;size&quot;:&quot;&quot;,&quot;sizes&quot;:[]},&quot;_transform_scale_effect_hover_tablet_extra&quot;:{&quot;unit&quot;:&quot;px&quot;,&quot;size&quot;:&quot;&quot;,&quot;sizes&quot;:[]},&quot;_transform_scale_effect_hover_tablet&quot;:{&quot;unit&quot;:&quot;px&quot;,&quot;size&quot;:&quot;&quot;,&quot;sizes&quot;:[]},&quot;_transform_scale_effect_hover_mobile_extra&quot;:{&quot;unit&quot;:&quot;px&quot;,&quot;size&quot;:&quot;&quot;,&quot;sizes&quot;:[]}}\">\n\t\t\t\t<div class=\"elementor-element elementor-element-61e30ab elementor-widget elementor-widget-heading\" data-id=\"61e30ab\" data-element_type=\"widget\" data-widget_type=\"heading.default\">\n\t\t\t\t<div class=\"elementor-widget-container\">\n\t\t\t\t\t<h2 class=\"elementor-heading-title elementor-size-default\"><a href=\"https:\/\/widget.thefork.com\/en\/21991be3-c717-45cc-8500-7a4a27b9b831?step=date\" target=\"_blank\">Reserva<\/br> Madrid<\/a><\/h2>\t\t\t\t<\/div>\n\t\t\t\t<\/div>\n\t\t\t\t<\/div>\n\t\t<div class=\"elementor-element elementor-element-856ab58 e-con-full e-transform elementor-hidden-mobile btn-reserva e-flex e-con e-child\" data-id=\"856ab58\" data-element_type=\"container\" data-settings=\"{&quot;background_background&quot;:&quot;classic&quot;,&quot;position&quot;:&quot;fixed&quot;,&quot;sticky&quot;:&quot;top&quot;,&quot;_transform_scale_effect_hover&quot;:{&quot;unit&quot;:&quot;px&quot;,&quot;size&quot;:1.85,&quot;sizes&quot;:[]},&quot;_transform_scale_effect_hover_mobile&quot;:{&quot;unit&quot;:&quot;px&quot;,&quot;size&quot;:1,&quot;sizes&quot;:[]},&quot;sticky_on&quot;:[&quot;widescreen&quot;,&quot;desktop&quot;,&quot;laptop&quot;,&quot;tablet_extra&quot;,&quot;tablet&quot;,&quot;mobile_extra&quot;,&quot;mobile&quot;],&quot;sticky_offset&quot;:0,&quot;sticky_effects_offset&quot;:0,&quot;sticky_anchor_link_offset&quot;:0,&quot;_transform_scale_effect_hover_widescreen&quot;:{&quot;unit&quot;:&quot;px&quot;,&quot;size&quot;:&quot;&quot;,&quot;sizes&quot;:[]},&quot;_transform_scale_effect_hover_laptop&quot;:{&quot;unit&quot;:&quot;px&quot;,&quot;size&quot;:&quot;&quot;,&quot;sizes&quot;:[]},&quot;_transform_scale_effect_hover_tablet_extra&quot;:{&quot;unit&quot;:&quot;px&quot;,&quot;size&quot;:&quot;&quot;,&quot;sizes&quot;:[]},&quot;_transform_scale_effect_hover_tablet&quot;:{&quot;unit&quot;:&quot;px&quot;,&quot;size&quot;:&quot;&quot;,&quot;sizes&quot;:[]},&quot;_transform_scale_effect_hover_mobile_extra&quot;:{&quot;unit&quot;:&quot;px&quot;,&quot;size&quot;:&quot;&quot;,&quot;sizes&quot;:[]}}\">\n\t\t\t\t<div class=\"elementor-element elementor-element-233c929 elementor-widget elementor-widget-heading\" data-id=\"233c929\" data-element_type=\"widget\" data-widget_type=\"heading.default\">\n\t\t\t\t<div class=\"elementor-widget-container\">\n\t\t\t\t\t<h2 class=\"elementor-heading-title elementor-size-default\"><a href=\"https:\/\/widget.thefork.com\/en\/a91a8916-ec4a-488b-bab8-10a3a5361e39?step=date\" target=\"_blank\">Reserva<\/br>Barcelona<\/a><\/h2>\t\t\t\t<\/div>\n\t\t\t\t<\/div>\n\t\t\t\t<\/div>\n\t\t\t\t\t<\/div>\n\t\t\t\t<\/div>\n\t\t<div class=\"elementor-element elementor-element-cf3a4e2 e-flex e-con-boxed e-con e-parent\" data-id=\"cf3a4e2\" data-element_type=\"container\">\n\t\t\t\t\t<div class=\"e-con-inner\">\n\t\t\t\t<div class=\"elementor-element elementor-element-dd42330 elementor-widget-mobile__width-initial elementor-fixed elementor-hidden-widescreen elementor-hidden-desktop elementor-hidden-laptop elementor-hidden-tablet_extra elementor-hidden-tablet elementor-hidden-mobile_extra btn-reservas-mobile elementor-widget elementor-widget-qi_addons_for_elementor_button\" data-id=\"dd42330\" data-element_type=\"widget\" data-settings=\"{&quot;_position&quot;:&quot;fixed&quot;}\" data-widget_type=\"qi_addons_for_elementor_button.default\">\n\t\t\t\t<div class=\"elementor-widget-container\">\n\t\t\t\t\t<a class=\"qodef-shortcode qodef-m qodef-qi-button qodef-html--link qodef-layout--filled qodef-type--standard qodef-size--full qodef-icon--right qodef-hover--icon-move-horizontal-short\" href=\"https:\/\/widget.thefork.com\/en\/a91a8916-ec4a-488b-bab8-10a3a5361e39?step=date\" target=\"_blank\">\n\t<span class=\"qodef-m-text\">Reserva Barcelona<\/span>\n\t<\/a>\n\t\t\t\t<\/div>\n\t\t\t\t<\/div>\n\t\t\t\t<div class=\"elementor-element elementor-element-4c6c04b elementor-widget-mobile__width-initial elementor-fixed elementor-hidden-widescreen elementor-hidden-desktop elementor-hidden-laptop elementor-hidden-tablet_extra elementor-hidden-tablet elementor-hidden-mobile_extra btn-reservas-mobile elementor-widget elementor-widget-qi_addons_for_elementor_button\" data-id=\"4c6c04b\" data-element_type=\"widget\" data-settings=\"{&quot;_position&quot;:&quot;fixed&quot;}\" data-widget_type=\"qi_addons_for_elementor_button.default\">\n\t\t\t\t<div class=\"elementor-widget-container\">\n\t\t\t\t\t<a class=\"qodef-shortcode qodef-m qodef-qi-button qodef-html--link qodef-layout--filled qodef-type--standard qodef-size--full qodef-icon--right qodef-hover--icon-move-horizontal-short\" href=\"https:\/\/widget.thefork.com\/en\/21991be3-c717-45cc-8500-7a4a27b9b831?step=date\" target=\"_blank\">\n\t<span class=\"qodef-m-text\">Reserva Madrid<\/span>\n\t<\/a>\n\t\t\t\t<\/div>\n\t\t\t\t<\/div>\n\t\t\t\t\t<\/div>\n\t\t\t\t<\/div>\n\t\t\t\t<\/div>\n\t\t","protected":false},"excerpt":{"rendered":"<p>NOSOTROS NOSOTROS Nuestros Chefs Ejecutivos, Adri\u00e1n Jimeno y Miquel Sard\u00e0, se conocieron hace diez a\u00f1os entre los fogones de Mugaritz (San Sebasti\u00e1n). Desde el primer d\u00eda supieron que, tarde o temprano, montar\u00edan algo juntos. La vida los llev\u00f3 por caminos distintos durante tres a\u00f1os, hasta que volvieron a cruzarse en La Flauta (Barcelona). Entre risas, [&hellip;]<\/p>\n","protected":false},"author":1,"featured_media":0,"parent":0,"menu_order":0,"comment_status":"closed","ping_status":"closed","template":"","meta":{"footnotes":""},"class_list":["post-419","page","type-page","status-publish","hentry"],"yoast_head":"<!-- This site is optimized with the Yoast SEO plugin v26.6 - https:\/\/yoast.com\/wordpress\/plugins\/seo\/ -->\n<title>Sobre Nosotros - Traca<\/title>\n<meta name=\"description\" content=\"Conoce la historia y pasi\u00f3n detr\u00e1s de Traca, el restaurante de tapas en Barcelona que fusiona tradici\u00f3n y creatividad en cada plato.\u200b\" \/>\n<meta name=\"robots\" content=\"index, follow, max-snippet:-1, max-image-preview:large, max-video-preview:-1\" \/>\n<link rel=\"canonical\" href=\"https:\/\/tracatrueno.com\/traca\/sobre-nosotros\/\" \/>\n<meta property=\"og:locale\" content=\"es_ES\" \/>\n<meta property=\"og:type\" content=\"article\" \/>\n<meta property=\"og:title\" content=\"Sobre Nosotros - Traca\" \/>\n<meta property=\"og:description\" content=\"Conoce la historia y pasi\u00f3n detr\u00e1s de Traca, el restaurante de tapas en Barcelona que fusiona tradici\u00f3n y creatividad en cada plato.\u200b\" \/>\n<meta property=\"og:url\" content=\"https:\/\/tracatrueno.com\/traca\/sobre-nosotros\/\" \/>\n<meta property=\"og:site_name\" content=\"Traca\" \/>\n<meta property=\"article:modified_time\" content=\"2026-01-21T14:48:27+00:00\" \/>\n<meta property=\"og:image\" content=\"https:\/\/tracatrueno.com\/traca\/wp-content\/uploads\/2025\/03\/Mask-group.jpg\" \/>\n\t<meta property=\"og:image:width\" content=\"640\" \/>\n\t<meta property=\"og:image:height\" content=\"800\" \/>\n\t<meta property=\"og:image:type\" content=\"image\/jpeg\" \/>\n<meta name=\"twitter:card\" content=\"summary_large_image\" \/>\n<meta name=\"twitter:label1\" content=\"Tiempo de lectura\" \/>\n\t<meta name=\"twitter:data1\" content=\"1 minuto\" \/>\n<script type=\"application\/ld+json\" class=\"yoast-schema-graph\">{\"@context\":\"https:\/\/schema.org\",\"@graph\":[{\"@type\":\"WebPage\",\"@id\":\"https:\/\/tracatrueno.com\/traca\/sobre-nosotros\/\",\"url\":\"https:\/\/tracatrueno.com\/traca\/sobre-nosotros\/\",\"name\":\"Sobre Nosotros - Traca\",\"isPartOf\":{\"@id\":\"https:\/\/tracatrueno.com\/traca\/#website\"},\"primaryImageOfPage\":{\"@id\":\"https:\/\/tracatrueno.com\/traca\/sobre-nosotros\/#primaryimage\"},\"image\":{\"@id\":\"https:\/\/tracatrueno.com\/traca\/sobre-nosotros\/#primaryimage\"},\"thumbnailUrl\":\"https:\/\/tracatrueno.com\/traca\/wp-content\/uploads\/2025\/03\/Mask-group.jpg\",\"datePublished\":\"2025-03-21T12:53:32+00:00\",\"dateModified\":\"2026-01-21T14:48:27+00:00\",\"description\":\"Conoce la historia y pasi\u00f3n detr\u00e1s de Traca, el restaurante de tapas en Barcelona que fusiona tradici\u00f3n y creatividad en cada plato.\u200b\",\"breadcrumb\":{\"@id\":\"https:\/\/tracatrueno.com\/traca\/sobre-nosotros\/#breadcrumb\"},\"inLanguage\":\"es\",\"potentialAction\":[{\"@type\":\"ReadAction\",\"target\":[\"https:\/\/tracatrueno.com\/traca\/sobre-nosotros\/\"]}]},{\"@type\":\"ImageObject\",\"inLanguage\":\"es\",\"@id\":\"https:\/\/tracatrueno.com\/traca\/sobre-nosotros\/#primaryimage\",\"url\":\"https:\/\/tracatrueno.com\/traca\/wp-content\/uploads\/2025\/03\/Mask-group.jpg\",\"contentUrl\":\"https:\/\/tracatrueno.com\/traca\/wp-content\/uploads\/2025\/03\/Mask-group.jpg\",\"width\":640,\"height\":800},{\"@type\":\"BreadcrumbList\",\"@id\":\"https:\/\/tracatrueno.com\/traca\/sobre-nosotros\/#breadcrumb\",\"itemListElement\":[{\"@type\":\"ListItem\",\"position\":1,\"name\":\"Portada\",\"item\":\"https:\/\/tracatrueno.com\/traca\/\"},{\"@type\":\"ListItem\",\"position\":2,\"name\":\"Sobre Nosotros\"}]},{\"@type\":\"WebSite\",\"@id\":\"https:\/\/tracatrueno.com\/traca\/#website\",\"url\":\"https:\/\/tracatrueno.com\/traca\/\",\"name\":\"Traca\",\"description\":\"\",\"potentialAction\":[{\"@type\":\"SearchAction\",\"target\":{\"@type\":\"EntryPoint\",\"urlTemplate\":\"https:\/\/tracatrueno.com\/traca\/?s={search_term_string}\"},\"query-input\":{\"@type\":\"PropertyValueSpecification\",\"valueRequired\":true,\"valueName\":\"search_term_string\"}}],\"inLanguage\":\"es\"}]}<\/script>\n<!-- \/ Yoast SEO plugin. -->","yoast_head_json":{"title":"Sobre Nosotros - Traca","description":"Conoce la historia y pasi\u00f3n detr\u00e1s de Traca, el restaurante de tapas en Barcelona que fusiona tradici\u00f3n y creatividad en cada plato.\u200b","robots":{"index":"index","follow":"follow","max-snippet":"max-snippet:-1","max-image-preview":"max-image-preview:large","max-video-preview":"max-video-preview:-1"},"canonical":"https:\/\/tracatrueno.com\/traca\/sobre-nosotros\/","og_locale":"es_ES","og_type":"article","og_title":"Sobre Nosotros - Traca","og_description":"Conoce la historia y pasi\u00f3n detr\u00e1s de Traca, el restaurante de tapas en Barcelona que fusiona tradici\u00f3n y creatividad en cada plato.\u200b","og_url":"https:\/\/tracatrueno.com\/traca\/sobre-nosotros\/","og_site_name":"Traca","article_modified_time":"2026-01-21T14:48:27+00:00","og_image":[{"width":640,"height":800,"url":"https:\/\/tracatrueno.com\/traca\/wp-content\/uploads\/2025\/03\/Mask-group.jpg","type":"image\/jpeg"}],"twitter_card":"summary_large_image","twitter_misc":{"Tiempo de lectura":"1 minuto"},"schema":{"@context":"https:\/\/schema.org","@graph":[{"@type":"WebPage","@id":"https:\/\/tracatrueno.com\/traca\/sobre-nosotros\/","url":"https:\/\/tracatrueno.com\/traca\/sobre-nosotros\/","name":"Sobre Nosotros - Traca","isPartOf":{"@id":"https:\/\/tracatrueno.com\/traca\/#website"},"primaryImageOfPage":{"@id":"https:\/\/tracatrueno.com\/traca\/sobre-nosotros\/#primaryimage"},"image":{"@id":"https:\/\/tracatrueno.com\/traca\/sobre-nosotros\/#primaryimage"},"thumbnailUrl":"https:\/\/tracatrueno.com\/traca\/wp-content\/uploads\/2025\/03\/Mask-group.jpg","datePublished":"2025-03-21T12:53:32+00:00","dateModified":"2026-01-21T14:48:27+00:00","description":"Conoce la historia y pasi\u00f3n detr\u00e1s de Traca, el restaurante de tapas en Barcelona que fusiona tradici\u00f3n y creatividad en cada plato.\u200b","breadcrumb":{"@id":"https:\/\/tracatrueno.com\/traca\/sobre-nosotros\/#breadcrumb"},"inLanguage":"es","potentialAction":[{"@type":"ReadAction","target":["https:\/\/tracatrueno.com\/traca\/sobre-nosotros\/"]}]},{"@type":"ImageObject","inLanguage":"es","@id":"https:\/\/tracatrueno.com\/traca\/sobre-nosotros\/#primaryimage","url":"https:\/\/tracatrueno.com\/traca\/wp-content\/uploads\/2025\/03\/Mask-group.jpg","contentUrl":"https:\/\/tracatrueno.com\/traca\/wp-content\/uploads\/2025\/03\/Mask-group.jpg","width":640,"height":800},{"@type":"BreadcrumbList","@id":"https:\/\/tracatrueno.com\/traca\/sobre-nosotros\/#breadcrumb","itemListElement":[{"@type":"ListItem","position":1,"name":"Portada","item":"https:\/\/tracatrueno.com\/traca\/"},{"@type":"ListItem","position":2,"name":"Sobre Nosotros"}]},{"@type":"WebSite","@id":"https:\/\/tracatrueno.com\/traca\/#website","url":"https:\/\/tracatrueno.com\/traca\/","name":"Traca","description":"","potentialAction":[{"@type":"SearchAction","target":{"@type":"EntryPoint","urlTemplate":"https:\/\/tracatrueno.com\/traca\/?s={search_term_string}"},"query-input":{"@type":"PropertyValueSpecification","valueRequired":true,"valueName":"search_term_string"}}],"inLanguage":"es"}]}},"_links":{"self":[{"href":"https:\/\/tracatrueno.com\/traca\/wp-json\/wp\/v2\/pages\/419","targetHints":{"allow":["GET"]}}],"collection":[{"href":"https:\/\/tracatrueno.com\/traca\/wp-json\/wp\/v2\/pages"}],"about":[{"href":"https:\/\/tracatrueno.com\/traca\/wp-json\/wp\/v2\/types\/page"}],"author":[{"embeddable":true,"href":"https:\/\/tracatrueno.com\/traca\/wp-json\/wp\/v2\/users\/1"}],"replies":[{"embeddable":true,"href":"https:\/\/tracatrueno.com\/traca\/wp-json\/wp\/v2\/comments?post=419"}],"version-history":[{"count":199,"href":"https:\/\/tracatrueno.com\/traca\/wp-json\/wp\/v2\/pages\/419\/revisions"}],"predecessor-version":[{"id":3634,"href":"https:\/\/tracatrueno.com\/traca\/wp-json\/wp\/v2\/pages\/419\/revisions\/3634"}],"wp:attachment":[{"href":"https:\/\/tracatrueno.com\/traca\/wp-json\/wp\/v2\/media?parent=419"}],"curies":[{"name":"wp","href":"https:\/\/api.w.org\/{rel}","templated":true}]}}